{"id":12809,"date":"2026-02-06T13:04:28","date_gmt":"2026-02-06T16:04:28","guid":{"rendered":"https:\/\/web.defensoriarionegro.gov.ar\/?page_id=12809"},"modified":"2026-04-09T11:32:21","modified_gmt":"2026-04-09T14:32:21","slug":"radares-que-funcionan-y-su-ubicacion","status":"publish","type":"page","link":"https:\/\/defensoriarionegro.gov.ar\/drn\/radares-que-funcionan-y-su-ubicacion\/","title":{"rendered":"Descargos seg\u00fan ubicaci\u00f3n de cada radar"},"content":{"rendered":"\n<p><strong>Informaci\u00f3n actualizada en abril del 2026<\/strong><\/p>\n\n\n\n<p>Los Municipios de <strong>Bariloche, El Bols\u00f3n, Dina Huapi, Cordero, Conesa y Darwin<\/strong> est\u00e1n autorizados con habilitaci\u00f3n provisoria hasta tanto se implemente el sistema de captaci\u00f3n y procesamiento de infracciones de tr\u00e1nsito en el \u00e1mbito del Ministerio de Seguridad y Justicia. Conforme art\u00edculo 2\u00b0 Decreto 463\/24 reglamentario de la Ley N\u00b0 5.726, reformado por Decreto N\u00b0: DECTO-2025-410-GDERNE-RNE.<\/p>\n\n\n\n<p><strong>DESCARGOS<\/strong><\/p>\n\n\n\n<p>En caso de tener una multa labrada con alguno de estos radares (actas propias de cada municipio) y quer\u00e9s presentar un descargo, deb\u00e9s hacerlo ante el Juzgado Administrativo de Faltas Municipal.<\/p>\n\n\n\n<p>Te compartimos los contactos seg\u00fan localidad.<\/p>\n\n\n\n<p><strong>&nbsp;San Carlos de Bariloche<\/strong><br>\u25cf Direcci\u00f3n: Terminal de \u00d3mnibus, 1er piso<br>\u25cf&nbsp;&nbsp;tribunalfaltas2mscb@bariloche.gov.ar<br>\u25cf&nbsp;&nbsp;294 442-8929<\/p>\n\n\n\n<p><strong>&nbsp;El Bols\u00f3n<br><\/strong>\u25cf Direcci\u00f3n: Perito Moreno N\u00b0 3570<br>\u25cf&nbsp;&nbsp;juzgadodefaltas@elbolson.gob.ar<br>\u25cf&nbsp;&nbsp;294 445-5391<\/p>\n\n\n\n<p><strong>&nbsp;Dina Huapi<br><\/strong>\u25cf Direcci\u00f3n: Los Notros N\u00b0 555<br>\u25cf&nbsp;&nbsp;juzgadodefaltas@municipiodinahuapi.gob.ar<br>\u25cf&nbsp;&nbsp;294 445-0303<\/p>\n\n\n\n<p><strong>&nbsp;General Conesa<br><\/strong>\u25cf Direcci\u00f3n: Roca N\u00b0 512<br>\u25cf&nbsp;&nbsp;juzgadodefaltas.municonesa@hotmail.com<br>\u25cf&nbsp;&nbsp;2931 408522<\/p>\n\n\n\n<p><strong>&nbsp;Contralmirante Cordero<br><\/strong>\u25cf Direcci\u00f3n: R\u00edo Negro N\u00b0254<br>\u25cf&nbsp;&nbsp;juzgfaltacontralmirantecordero@gmail.com<br>\u25cf&nbsp;&nbsp;299 442-0282<\/p>\n\n\n\n<p><strong>&nbsp;Darwin<br><\/strong>\u25cf Direcci\u00f3n: Mariano Magano s\/n<br>\u25cf&nbsp;&nbsp;transitomunicipalidaddarwin@gmail.com<br>\u25cf&nbsp;&nbsp;2984 535-680<\/p>\n\n\n\n<p><\/p>\n\n\n\n<p>Los radares ubicados en <strong>CIPOLLETTI<\/strong>, <strong>SARGENTO VIDAL<\/strong>,\u00a0<strong>CINCO SALTOS,<\/strong>\u00a0<strong>CERVANTES<\/strong>,\u00a0<strong>VILLA REGINA<\/strong>,\u00a0<strong>RIO COLORADO, LAMARQUE,<\/strong> <strong>VIEDMA<\/strong> y\u00a0<strong>SIERRA GRANDE<\/strong> se rigen por el sistema de juzgamiento provincial (actas de la provincia exclusivamente).<\/p>\n\n\n\n<p>En caso de tener una multa labrada con alguno de estos radares y quer\u00e9s hacer un descargo deber\u00e1s dirigirte al JUZGADO ADMINISTRATIVO DE FALTAS<\/p>\n\n\n\n<p><a href=\"mailto:juzgadodefalta@seguridad.rionegro.gov.ar\" target=\"_blank\" rel=\"noreferrer noopener\"><strong>juzgadodefalta@seguridad.rionegro.gov.ar<\/strong><\/a><strong>\u00a0\u00a0<\/strong><\/p>\n\n\n\n<p><strong>2920308705<\/strong><\/p>\n\n\n\n<p><\/p>\n","protected":false},"excerpt":{"rendered":"<p>Informaci\u00f3n actualizada en abril del 2026 Los Municipios de Bariloche, El Bols\u00f3n, Dina Huapi, Cordero, Conesa y Darwin est\u00e1n autorizados con habilitaci\u00f3n provisoria hasta tanto se implemente el sistema de captaci\u00f3n y procesamiento de infracciones de tr\u00e1nsito en el \u00e1mbito del Ministerio de Seguridad y Justicia. Conforme art\u00edculo 2\u00b0 Decreto 463\/24 reglamentario de la Ley [&hellip;]<\/p>\n","protected":false},"author":2,"featured_media":0,"parent":0,"menu_order":0,"comment_status":"closed","ping_status":"closed","template":"","meta":{"footnotes":""},"class_list":["post-12809","page","type-page","status-publish","hentry"],"jetpack_sharing_enabled":true,"_links":{"self":[{"href":"https:\/\/defensoriarionegro.gov.ar\/drn\/wp-json\/wp\/v2\/pages\/12809","targetHints":{"allow":["GET"]}}],"collection":[{"href":"https:\/\/defensoriarionegro.gov.ar\/drn\/wp-json\/wp\/v2\/pages"}],"about":[{"href":"https:\/\/defensoriarionegro.gov.ar\/drn\/wp-json\/wp\/v2\/types\/page"}],"author":[{"embeddable":true,"href":"https:\/\/defensoriarionegro.gov.ar\/drn\/wp-json\/wp\/v2\/users\/2"}],"replies":[{"embeddable":true,"href":"https:\/\/defensoriarionegro.gov.ar\/drn\/wp-json\/wp\/v2\/comments?post=12809"}],"version-history":[{"count":4,"href":"https:\/\/defensoriarionegro.gov.ar\/drn\/wp-json\/wp\/v2\/pages\/12809\/revisions"}],"predecessor-version":[{"id":13338,"href":"https:\/\/defensoriarionegro.gov.ar\/drn\/wp-json\/wp\/v2\/pages\/12809\/revisions\/13338"}],"wp:attachment":[{"href":"https:\/\/defensoriarionegro.gov.ar\/drn\/wp-json\/wp\/v2\/media?parent=12809"}],"curies":[{"name":"wp","href":"https:\/\/api.w.org\/{rel}","templated":true}]}}