{"id":17,"date":"2025-05-12T10:58:16","date_gmt":"2025-05-12T13:58:16","guid":{"rendered":"https:\/\/web.defensoriarionegro.gov.ar\/?page_id=17"},"modified":"2026-02-09T13:31:27","modified_gmt":"2026-02-09T16:31:27","slug":"autoridades","status":"publish","type":"page","link":"https:\/\/defensoriarionegro.gov.ar\/drn\/autoridades\/","title":{"rendered":"Autoridades"},"content":{"rendered":"\n<h2 class=\"wp-block-heading\">Defensora del Pueblo de R\u00edo Negro<\/h2>\n\n\n\n<h5 class=\"wp-block-heading\" style=\"font-size:18px\">Lic. Adriana Claudia Santagati<\/h5>\n\n\n\n<p class=\"has-text-color has-link-color has-medium-font-size wp-elements-99638d7b2bdb5c41286810e2e3425fd6\" style=\"color:#8b8b8b\"><span class=\"wp-rich-text-font-awesome-icon wp-font-awesome-icon\"><svg aria-hidden=\"true\" focusable=\"false\" data-prefix=\"fas\" data-icon=\"at\" class=\"svg-inline--fa fa-at \" role=\"img\" xmlns=\"http:\/\/www.w3.org\/2000\/svg\" viewBox=\"0 0 512 512\"><path fill=\"currentColor\" d=\"M256 64C150 64 64 150 64 256s86 192 192 192c17.7 0 32 14.3 32 32s-14.3 32-32 32C114.6 512 0 397.4 0 256S114.6 0 256 0S512 114.6 512 256l0 32c0 53-43 96-96 96c-29.3 0-55.6-13.2-73.2-33.9C320 371.1 289.5 384 256 384c-70.7 0-128-57.3-128-128s57.3-128 128-128c27.9 0 53.7 8.9 74.7 24.1c5.7-5 13.1-8.1 21.3-8.1c17.7 0 32 14.3 32 32l0 80 0 32c0 17.7 14.3 32 32 32s32-14.3 32-32l0-32c0-106-86-192-192-192zm64 192a64 64 0 1 0 -128 0 64 64 0 1 0 128 0z\"><\/path><\/svg><\/span> <a href=\"mailto:santagati.defensora@gmail.com\" target=\"_blank\" rel=\"noreferrer noopener\">santagati.defensora@gmail.com<\/a><\/p>\n\n\n\n<p><\/p>\n\n\n\n<hr class=\"wp-block-separator has-text-color has-cyan-bluish-gray-color has-alpha-channel-opacity has-cyan-bluish-gray-background-color has-background\"\/>\n\n\n\n<p><\/p>\n\n\n\n<h2 class=\"wp-block-heading\">Defensor Adjunto<\/h2>\n\n\n\n<h5 class=\"wp-block-heading\">Abg. Alvaro Larreguy<\/h5>\n\n\n\n<p class=\"has-text-color has-link-color has-medium-font-size wp-elements-dff3d0ee6d94254269698e4e1c8ece72\" style=\"color:#8b8b8b\"><span class=\"wp-rich-text-font-awesome-icon wp-font-awesome-icon\"><svg aria-hidden=\"true\" focusable=\"false\" data-prefix=\"fas\" data-icon=\"at\" class=\"svg-inline--fa fa-at \" role=\"img\" xmlns=\"http:\/\/www.w3.org\/2000\/svg\" viewBox=\"0 0 512 512\"><path fill=\"currentColor\" d=\"M256 64C150 64 64 150 64 256s86 192 192 192c17.7 0 32 14.3 32 32s-14.3 32-32 32C114.6 512 0 397.4 0 256S114.6 0 256 0S512 114.6 512 256l0 32c0 53-43 96-96 96c-29.3 0-55.6-13.2-73.2-33.9C320 371.1 289.5 384 256 384c-70.7 0-128-57.3-128-128s57.3-128 128-128c27.9 0 53.7 8.9 74.7 24.1c5.7-5 13.1-8.1 21.3-8.1c17.7 0 32 14.3 32 32l0 80 0 32c0 17.7 14.3 32 32 32s32-14.3 32-32l0-32c0-106-86-192-192-192zm64 192a64 64 0 1 0 -128 0 64 64 0 1 0 128 0z\"><\/path><\/svg><\/span> <a href=\"mailto:alarreguydprn@gmail.com\">alarreguydprn@gmail.com&nbsp;<\/a><\/p>\n\n\n\n<p><\/p>\n\n\n\n<hr class=\"wp-block-separator has-text-color has-cyan-bluish-gray-color has-alpha-channel-opacity has-cyan-bluish-gray-background-color has-background\"\/>\n\n\n\n<p><\/p>\n\n\n\n<h2 class=\"wp-block-heading\">Secretaria Privada<\/h2>\n\n\n\n<h5 class=\"wp-block-heading\">Gisela Galv\u00e1n<\/h5>\n\n\n\n<p class=\"has-text-color has-link-color has-medium-font-size wp-elements-70a06e097b97d3465f37d01cdb7527f2\" style=\"color:#8b8b8b\"><span class=\"wp-rich-text-font-awesome-icon wp-font-awesome-icon\"><svg aria-hidden=\"true\" focusable=\"false\" data-prefix=\"fas\" data-icon=\"at\" class=\"svg-inline--fa fa-at \" role=\"img\" xmlns=\"http:\/\/www.w3.org\/2000\/svg\" viewBox=\"0 0 512 512\"><path fill=\"currentColor\" d=\"M256 64C150 64 64 150 64 256s86 192 192 192c17.7 0 32 14.3 32 32s-14.3 32-32 32C114.6 512 0 397.4 0 256S114.6 0 256 0S512 114.6 512 256l0 32c0 53-43 96-96 96c-29.3 0-55.6-13.2-73.2-33.9C320 371.1 289.5 384 256 384c-70.7 0-128-57.3-128-128s57.3-128 128-128c27.9 0 53.7 8.9 74.7 24.1c5.7-5 13.1-8.1 21.3-8.1c17.7 0 32 14.3 32 32l0 80 0 32c0 17.7 14.3 32 32 32s32-14.3 32-32l0-32c0-106-86-192-192-192zm64 192a64 64 0 1 0 -128 0 64 64 0 1 0 128 0z\"><\/path><\/svg><\/span> <a href=\"mailto:ggalvandprn@gmail.com\">ggalvandprn@gmail.com<\/a><\/p>\n\n\n\n<p><\/p>\n\n\n\n<hr class=\"wp-block-separator has-text-color has-cyan-bluish-gray-color has-alpha-channel-opacity has-cyan-bluish-gray-background-color has-background\"\/>\n\n\n\n<p><\/p>\n\n\n\n<h2 class=\"wp-block-heading\">Secretaria Ejecutiva del \u00d3rgano de Revisi\u00f3n de Salud Mental<\/h2>\n\n\n\n<h5 class=\"wp-block-heading\">Abg. Antonella Mirenghi<\/h5>\n\n\n\n<p class=\"has-text-color has-link-color has-medium-font-size wp-elements-5953d6c6308d04c5e493c9562dea6b86\" style=\"color:#8b8b8b\"><span class=\"wp-rich-text-font-awesome-icon wp-font-awesome-icon\"><svg aria-hidden=\"true\" focusable=\"false\" data-prefix=\"fas\" data-icon=\"at\" class=\"svg-inline--fa fa-at \" role=\"img\" xmlns=\"http:\/\/www.w3.org\/2000\/svg\" viewBox=\"0 0 512 512\"><path fill=\"currentColor\" d=\"M256 64C150 64 64 150 64 256s86 192 192 192c17.7 0 32 14.3 32 32s-14.3 32-32 32C114.6 512 0 397.4 0 256S114.6 0 256 0S512 114.6 512 256l0 32c0 53-43 96-96 96c-29.3 0-55.6-13.2-73.2-33.9C320 371.1 289.5 384 256 384c-70.7 0-128-57.3-128-128s57.3-128 128-128c27.9 0 53.7 8.9 74.7 24.1c5.7-5 13.1-8.1 21.3-8.1c17.7 0 32 14.3 32 32l0 80 0 32c0 17.7 14.3 32 32 32s32-14.3 32-32l0-32c0-106-86-192-192-192zm64 192a64 64 0 1 0 -128 0 64 64 0 1 0 128 0z\"><\/path><\/svg><\/span> <a href=\"mailto:amirenghidprn@gmail.com\">amirenghidprn@gmail.com<\/a><\/p>\n\n\n\n<p><\/p>\n\n\n\n<p><\/p>\n","protected":false},"excerpt":{"rendered":"<p>Defensora del Pueblo de R\u00edo Negro Lic. Adriana Claudia Santagati santagati.defensora@gmail.com Defensor Adjunto Abg. Alvaro Larreguy alarreguydprn@gmail.com&nbsp; Secretaria Privada Gisela Galv\u00e1n ggalvandprn@gmail.com Secretaria Ejecutiva del \u00d3rgano de Revisi\u00f3n de Salud Mental Abg. Antonella Mirenghi amirenghidprn@gmail.com<\/p>\n","protected":false},"author":2,"featured_media":0,"parent":0,"menu_order":0,"comment_status":"closed","ping_status":"closed","template":"","meta":{"footnotes":""},"class_list":["post-17","page","type-page","status-publish","hentry"],"jetpack_sharing_enabled":true,"_links":{"self":[{"href":"https:\/\/defensoriarionegro.gov.ar\/drn\/wp-json\/wp\/v2\/pages\/17","targetHints":{"allow":["GET"]}}],"collection":[{"href":"https:\/\/defensoriarionegro.gov.ar\/drn\/wp-json\/wp\/v2\/pages"}],"about":[{"href":"https:\/\/defensoriarionegro.gov.ar\/drn\/wp-json\/wp\/v2\/types\/page"}],"author":[{"embeddable":true,"href":"https:\/\/defensoriarionegro.gov.ar\/drn\/wp-json\/wp\/v2\/users\/2"}],"replies":[{"embeddable":true,"href":"https:\/\/defensoriarionegro.gov.ar\/drn\/wp-json\/wp\/v2\/comments?post=17"}],"version-history":[{"count":24,"href":"https:\/\/defensoriarionegro.gov.ar\/drn\/wp-json\/wp\/v2\/pages\/17\/revisions"}],"predecessor-version":[{"id":12907,"href":"https:\/\/defensoriarionegro.gov.ar\/drn\/wp-json\/wp\/v2\/pages\/17\/revisions\/12907"}],"wp:attachment":[{"href":"https:\/\/defensoriarionegro.gov.ar\/drn\/wp-json\/wp\/v2\/media?parent=17"}],"curies":[{"name":"wp","href":"https:\/\/api.w.org\/{rel}","templated":true}]}}