{"id":21,"date":"2025-05-12T11:01:23","date_gmt":"2025-05-12T14:01:23","guid":{"rendered":"https:\/\/web.defensoriarionegro.gov.ar\/?page_id=21"},"modified":"2026-02-10T08:34:06","modified_gmt":"2026-02-10T11:34:06","slug":"delegaciones","status":"publish","type":"page","link":"https:\/\/defensoriarionegro.gov.ar\/drn\/delegaciones\/","title":{"rendered":"Delegaciones"},"content":{"rendered":"\n<h2 class=\"wp-block-heading\">San Carlos de Bariloche<\/h2>\n\n\n\n<p><span class=\"wp-rich-text-font-awesome-icon wp-font-awesome-icon\"><svg aria-hidden=\"true\" focusable=\"false\" data-prefix=\"fas\" data-icon=\"location-dot\" class=\"svg-inline--fa fa-location-dot \" role=\"img\" xmlns=\"http:\/\/www.w3.org\/2000\/svg\" viewBox=\"0 0 384 512\"><path fill=\"currentColor\" d=\"M215.7 499.2C267 435 384 279.4 384 192C384 86 298 0 192 0S0 86 0 192c0 87.4 117 243 168.3 307.2c12.3 15.3 35.1 15.3 47.4 0zM192 128a64 64 0 1 1 0 128 64 64 0 1 1 0-128z\"><\/path><\/svg><\/span> Onelli 1450 1\u00b0 piso<\/p>\n\n\n\n<div style=\"height:33px\" aria-hidden=\"true\" class=\"wp-block-spacer\"><\/div>\n\n\n\n<iframe src=\"https:\/\/www.google.com\/maps\/embed?pb=!1m18!1m12!1m3!1d3004.4257888590955!2d-71.2989745!3d-41.1470595!2m3!1f0!2f0!3f0!3m2!1i1024!2i768!4f13.1!3m3!1m2!1s0x961a7b5cb61f8aaf%3A0x4c1d2f0207c16146!2sOnelli%201450%201%C2%B0%20piso%2C%20R8400%20San%20Carlos%20de%20Bariloche%2C%20R%C3%ADo%20Negro!5e0!3m2!1ses!2sar!4v1753110909349!5m2!1ses!2sar\" width=\"600\" height=\"450\" style=\"border:0;\" allowfullscreen=\"\" loading=\"lazy\" referrerpolicy=\"no-referrer-when-downgrade\"><\/iframe>\n\n\n\n<div style=\"height:35px\" aria-hidden=\"true\" class=\"wp-block-spacer\"><\/div>\n\n\n\n<h2 class=\"wp-block-heading\">Cipolletti<\/h2>\n\n\n\n<p><span class=\"wp-rich-text-font-awesome-icon wp-font-awesome-icon\"><svg aria-hidden=\"true\" focusable=\"false\" data-prefix=\"fas\" data-icon=\"location-dot\" class=\"svg-inline--fa fa-location-dot \" role=\"img\" xmlns=\"http:\/\/www.w3.org\/2000\/svg\" viewBox=\"0 0 384 512\"><path fill=\"currentColor\" d=\"M215.7 499.2C267 435 384 279.4 384 192C384 86 298 0 192 0S0 86 0 192c0 87.4 117 243 168.3 307.2c12.3 15.3 35.1 15.3 47.4 0zM192 128a64 64 0 1 1 0 128 64 64 0 1 1 0-128z\"><\/path><\/svg><\/span> Teniente Ib\u00e1\u00f1ez 355<\/p>\n\n\n\n<div style=\"height:33px\" aria-hidden=\"true\" class=\"wp-block-spacer\"><\/div>\n\n\n\n<iframe src=\"https:\/\/www.google.com\/maps\/embed?pb=!1m18!1m12!1m3!1d193.97020065455487!2d-67.99552928853036!3d-38.93487396347709!2m3!1f0!2f0!3f0!3m2!1i1024!2i768!4f13.1!3m3!1m2!1s0x960a30e36b1420a3%3A0x131104c021d3b4f3!2sTte.%20Iba%C3%B1ez%20355!5e0!3m2!1ses-419!2sar!4v1756399060797!5m2!1ses-419!2sar\" width=\"600\" height=\"450\" style=\"border:0;\" allowfullscreen=\"\" loading=\"lazy\" referrerpolicy=\"no-referrer-when-downgrade\"><\/iframe>\n\n\n\n<div style=\"height:35px\" aria-hidden=\"true\" class=\"wp-block-spacer\"><\/div>\n\n\n\n<h2 class=\"wp-block-heading\">General Roca<\/h2>\n\n\n\n<p><span class=\"wp-rich-text-font-awesome-icon wp-font-awesome-icon\"><svg aria-hidden=\"true\" focusable=\"false\" data-prefix=\"fas\" data-icon=\"location-dot\" class=\"svg-inline--fa fa-location-dot \" role=\"img\" xmlns=\"http:\/\/www.w3.org\/2000\/svg\" viewBox=\"0 0 384 512\"><path fill=\"currentColor\" d=\"M215.7 499.2C267 435 384 279.4 384 192C384 86 298 0 192 0S0 86 0 192c0 87.4 117 243 168.3 307.2c12.3 15.3 35.1 15.3 47.4 0zM192 128a64 64 0 1 1 0 128 64 64 0 1 1 0-128z\"><\/path><\/svg><\/span> 9 de Julio 933<\/p>\n\n\n\n<div style=\"height:33px\" aria-hidden=\"true\" class=\"wp-block-spacer\"><\/div>\n\n\n\n<iframe src=\"https:\/\/www.google.com\/maps\/embed?pb=!1m18!1m12!1m3!1d193.7119787428588!2d-67.57805554546937!3d-39.02918859659231!2m3!1f0!2f0!3f0!3m2!1i1024!2i768!4f13.1!3m3!1m2!1s0x960a1d2e626d28b5%3A0xf2da68f4e53d0383!2s9%20de%20Julio%20929%2C%20R8332%20Gral.%20Roca%2C%20R%C3%ADo%20Negro!5e0!3m2!1ses!2sar!4v1753114903299!5m2!1ses!2sar\" width=\"600\" height=\"450\" style=\"border:0;\" allowfullscreen=\"\" loading=\"lazy\" referrerpolicy=\"no-referrer-when-downgrade\"><\/iframe>\n\n\n\n<div style=\"height:35px\" aria-hidden=\"true\" class=\"wp-block-spacer\"><\/div>\n\n\n\n<h2 class=\"wp-block-heading\">Villa Regina<\/h2>\n\n\n\n<p><span class=\"wp-rich-text-font-awesome-icon wp-font-awesome-icon\"><svg aria-hidden=\"true\" focusable=\"false\" data-prefix=\"fas\" data-icon=\"location-dot\" class=\"svg-inline--fa fa-location-dot \" role=\"img\" xmlns=\"http:\/\/www.w3.org\/2000\/svg\" viewBox=\"0 0 384 512\"><path fill=\"currentColor\" d=\"M215.7 499.2C267 435 384 279.4 384 192C384 86 298 0 192 0S0 86 0 192c0 87.4 117 243 168.3 307.2c12.3 15.3 35.1 15.3 47.4 0zM192 128a64 64 0 1 1 0 128 64 64 0 1 1 0-128z\"><\/path><\/svg><\/span> Libertad 17<\/p>\n\n\n\n<div style=\"height:33px\" aria-hidden=\"true\" class=\"wp-block-spacer\"><\/div>\n\n\n\n<iframe src=\"https:\/\/www.google.com\/maps\/embed?pb=!1m18!1m12!1m3!1d774.0823850984982!2d-67.08533963032347!3d-39.098966957455254!2m3!1f0!2f0!3f0!3m2!1i1024!2i768!4f13.1!3m3!1m2!1s0x95e2198d2cc60159%3A0x686ce192eb9a3f00!2sLibertad%2031%2C%20R8336%20Villa%20Regina%2C%20R%C3%ADo%20Negro!5e0!3m2!1ses!2sar!4v1753115291386!5m2!1ses!2sar\" width=\"600\" height=\"450\" style=\"border:0;\" allowfullscreen=\"\" loading=\"lazy\" referrerpolicy=\"no-referrer-when-downgrade\"><\/iframe>\n\n\n\n<div style=\"height:33px\" aria-hidden=\"true\" class=\"wp-block-spacer\"><\/div>\n\n\n\n<hr class=\"wp-block-separator has-text-color has-cyan-bluish-gray-color has-alpha-channel-opacity has-cyan-bluish-gray-background-color has-background\" style=\"margin-top:58;margin-bottom:58\"\/>\n\n\n\n<div style=\"height:33px\" aria-hidden=\"true\" class=\"wp-block-spacer\"><\/div>\n\n\n\n<h3 class=\"wp-block-heading\">Nuestras v\u00edas de contacto:<\/h3>\n\n\n\n<p><strong>0800 999 3776<\/strong><\/p>\n\n\n\n<p><strong>WhastApp (2920) 239023<\/strong><\/p>\n\n\n\n<p><strong>consulta@defensoriadelpueblo.rionegro.gov.ar<\/strong><\/p>\n\n\n\n<p>Es importante que dentro de tu consulta o reclamo nos dejes un n\u00famero de tel\u00e9fono al que podamos llamarte y que detalles con la mayor cantidad de datos posible la situaci\u00f3n que vas a plantear.<\/p>\n\n\n\n<p><\/p>\n\n\n\n<h3 class=\"wp-block-heading\">Otros lugares donde pod\u00e9s realizar tu presentaci\u00f3n en el marco del convenio con el Poder Judicial:<\/h3>\n\n\n\n<ul class=\"wp-block-list\">\n<li>Juzgados de Paz \u2013&nbsp;<a href=\"https:\/\/web.archive.org\/web\/20251109012245\/https:\/\/www.jusrionegro.gov.ar\/web\/acceso-a-justicia\/inspectoria.php\" target=\"_blank\" rel=\"noreferrer noopener\"><strong>Ver ubicaci\u00f3n<\/strong><\/a><\/li>\n<\/ul>\n\n\n\n<ul class=\"wp-block-list\">\n<li>Casas de Justicia \u2013&nbsp;<a href=\"https:\/\/web.archive.org\/web\/20251109012245\/https:\/\/www.jusrionegro.gov.ar\/web\/acceso-a-justicia\/pagina-dinamica.php?id=403\" target=\"_blank\" rel=\"noreferrer noopener\"><strong>Ver u<\/strong><\/a><strong><a href=\"https:\/\/web.archive.org\/web\/20251013055421\/https:\/\/www.jusrionegro.gov.ar\/web\/acceso-a-justicia\/pagina-dinamica.php?id=403\" target=\"_blank\" rel=\"noreferrer noopener\">b<\/a><\/strong><a href=\"https:\/\/web.archive.org\/web\/20251109012245\/https:\/\/www.jusrionegro.gov.ar\/web\/acceso-a-justicia\/pagina-dinamica.php?id=403\" target=\"_blank\" rel=\"noreferrer noopener\"><strong>icaci\u00f3n<\/strong><\/a><\/li>\n<\/ul>\n\n\n\n<ul class=\"wp-block-list\">\n<li>Oficinas de Atenci\u00f3n al Ciudadano \u2013&nbsp;<a href=\"https:\/\/web.archive.org\/web\/20251109012245\/https:\/\/www.jusrionegro.gov.ar\/web\/acceso-a-justicia\/OACI\/guia-de-oficinas.php\" target=\"_blank\" rel=\"noreferrer noopener\"><strong>Ver ubicaci\u00f3n<\/strong><\/a><\/li>\n<\/ul>\n\n\n\n<p><\/p>\n","protected":false},"excerpt":{"rendered":"<p>San Carlos de Bariloche Onelli 1450 1\u00b0 piso Cipolletti Teniente Ib\u00e1\u00f1ez 355 General Roca 9 de Julio 933 Villa Regina Libertad 17 Nuestras v\u00edas de contacto: 0800 999 3776 WhastApp (2920) 239023 consulta@defensoriadelpueblo.rionegro.gov.ar Es importante que dentro de tu consulta o reclamo nos dejes un n\u00famero de tel\u00e9fono al que podamos llamarte y que detalles [&hellip;]<\/p>\n","protected":false},"author":2,"featured_media":0,"parent":0,"menu_order":0,"comment_status":"closed","ping_status":"closed","template":"","meta":{"footnotes":""},"class_list":["post-21","page","type-page","status-publish","hentry"],"_links":{"self":[{"href":"https:\/\/defensoriarionegro.gov.ar\/drn\/wp-json\/wp\/v2\/pages\/21","targetHints":{"allow":["GET"]}}],"collection":[{"href":"https:\/\/defensoriarionegro.gov.ar\/drn\/wp-json\/wp\/v2\/pages"}],"about":[{"href":"https:\/\/defensoriarionegro.gov.ar\/drn\/wp-json\/wp\/v2\/types\/page"}],"author":[{"embeddable":true,"href":"https:\/\/defensoriarionegro.gov.ar\/drn\/wp-json\/wp\/v2\/users\/2"}],"replies":[{"embeddable":true,"href":"https:\/\/defensoriarionegro.gov.ar\/drn\/wp-json\/wp\/v2\/comments?post=21"}],"version-history":[{"count":23,"href":"https:\/\/defensoriarionegro.gov.ar\/drn\/wp-json\/wp\/v2\/pages\/21\/revisions"}],"predecessor-version":[{"id":12910,"href":"https:\/\/defensoriarionegro.gov.ar\/drn\/wp-json\/wp\/v2\/pages\/21\/revisions\/12910"}],"wp:attachment":[{"href":"https:\/\/defensoriarionegro.gov.ar\/drn\/wp-json\/wp\/v2\/media?parent=21"}],"curies":[{"name":"wp","href":"https:\/\/api.w.org\/{rel}","templated":true}]}}