{"id":301,"date":"2025-06-24T10:10:34","date_gmt":"2025-06-24T13:10:34","guid":{"rendered":"https:\/\/web.defensoriarionegro.gov.ar\/?page_id=301"},"modified":"2025-08-27T10:30:43","modified_gmt":"2025-08-27T13:30:43","slug":"centro-de-mediacion-ciudadana","status":"publish","type":"page","link":"https:\/\/defensoriarionegro.gov.ar\/drn\/centro-de-mediacion-ciudadana\/","title":{"rendered":"Centro de Mediaci\u00f3n Ciudadana"},"content":{"rendered":"\n<p>El Centro de Mediaci\u00f3n Ciudadana de la Defensor\u00eda del Pueblo de R\u00edo Negro fue creado con la idea de lograr dos objetivos; por una parte la resoluci\u00f3n de conflictos de una forma &nbsp;r\u00e1pida, pac\u00edfica y con plena voluntad de las partes y, por otra, capacitar para formar multiplicadores en todo el territorio de la provincia.<\/p>\n\n\n\n<p>Al observar que eran muchos los reclamos que llegaban al organismo por parte de ciudadanos de diferentes localidades de la provincia que ten\u00edan conflictos, mayormente entre particulares, se tom\u00f3 la decisi\u00f3n de enmarcarlos dentro del proceso de resoluci\u00f3n que lleva adelante el Centro de Mediaci\u00f3n Ciudadana.<\/p>\n\n\n\n<h3 class=\"wp-block-heading\">Objetivos del Centro de Mediaci\u00f3n Ciudadana<\/h3>\n\n\n\n<p>1- Facilitar la resoluci\u00f3n de conflictos a trav\u00e9s de un procedimiento informal, gratuito y voluntario, a fin de lograr un acuerdo r\u00e1pido entre los involucrados y sin los costos en tiempo, dinero y esfuerzo que llevar\u00eda un proceso judicial.<\/p>\n\n\n\n<p>2- Capacitar para formar multiplicadores en todo el territorio de la provincia siguiendo el camino de la b\u00fasqueda de la paz social.<\/p>\n\n\n\n<p><\/p>\n\n\n\n<h3 class=\"wp-block-heading has-text-color has-link-color wp-elements-ca30549e38f3f46559195f5a04116c63\" style=\"color:#c05913\">\u00bfQu\u00e9 es la mediaci\u00f3n?<\/h3>\n\n\n\n<p>Es un procedimiento informal al que se puede acudir solo o con abogados para resolver conflictos a trav\u00e9s de la colaboraci\u00f3n de un tercero \u2013 el mediador \u2013 que act\u00faa como facilitador, pero sin indicar cu\u00e1l debe ser su soluci\u00f3n. Es una alternativa para resolver conflictos de manera voluntaria, gratuita, r\u00e1pida, confidencial y creativa.<\/p>\n\n\n\n<p><\/p>\n\n\n\n<h3 class=\"wp-block-heading has-text-color has-link-color wp-elements-b70cb48d1f557e4d5bcc478e4fe83b8f\" style=\"color:#c05913\">\u00bfQui\u00e9nes Intervienen?<\/h3>\n\n\n\n<p><strong>El mediador<\/strong>: es una persona entrenada especialmente, que promueve la comunicaci\u00f3n entre las partes. No act\u00faa como abogado ni como juez, no resuelve, no propone ni elige, no toma partido ni establece alianzas, sino que ayuda a que se expresen los verdaderos intereses que motivan el conflicto para llegar a una soluci\u00f3n o acuerdo mutuamente aceptable.<\/p>\n\n\n\n<p><strong>Las partes en conflicto<\/strong>: pueden acudir juntas o por separado para exponer sus opiniones y descubrir cu\u00e1l es verdaderamente el tema en cuesti\u00f3n. La idea es que puedan llegar a comprender lo que necesitan, sus propios requerimientos y las necesidades de los otros. Controlan el procedimiento, acuerdan las propias decisiones y tratan de encontrar opciones realistas y posibles para la soluci\u00f3n de su problema.<\/p>\n\n\n\n<h3 class=\"wp-block-heading has-text-color has-link-color wp-elements-bdf98b4fc698ba36d05bb6475ad56796\" style=\"color:#c05913\">\u00bfCu\u00e1les son los beneficios?<\/h3>\n\n\n\n<p><span class=\"wp-rich-text-font-awesome-icon wp-font-awesome-icon\"><svg aria-hidden=\"true\" focusable=\"false\" data-prefix=\"fas\" data-icon=\"handshake-simple\" class=\"svg-inline--fa fa-handshake-simple \" role=\"img\" xmlns=\"http:\/\/www.w3.org\/2000\/svg\" viewBox=\"0 0 640 512\" style=\"font-size:1.5em\" color=\"#7bdcb5\"><path fill=\"currentColor\" d=\"M323.4 85.2l-96.8 78.4c-16.1 13-19.2 36.4-7 53.1c12.9 17.8 38 21.3 55.3 7.8l99.3-77.2c7-5.4 17-4.2 22.5 2.8s4.2 17-2.8 22.5l-20.9 16.2L550.2 352l41.8 0c26.5 0 48-21.5 48-48l0-128c0-26.5-21.5-48-48-48l-76 0-4 0-.7 0-3.9-2.5L434.8 79c-15.3-9.8-33.2-15-51.4-15c-21.8 0-43 7.5-60 21.2zm22.8 124.4l-51.7 40.2C263 274.4 217.3 268 193.7 235.6c-22.2-30.5-16.6-73.1 12.7-96.8l83.2-67.3c-11.6-4.9-24.1-7.4-36.8-7.4C234 64 215.7 69.6 200 80l-72 48-80 0c-26.5 0-48 21.5-48 48L0 304c0 26.5 21.5 48 48 48l108.2 0 91.4 83.4c19.6 17.9 49.9 16.5 67.8-3.1c5.5-6.1 9.2-13.2 11.1-20.6l17 15.6c19.5 17.9 49.9 16.6 67.8-2.9c4.5-4.9 7.8-10.6 9.9-16.5c19.4 13 45.8 10.3 62.1-7.5c17.9-19.5 16.6-49.9-2.9-67.8l-134.2-123z\"><\/path><\/svg><\/span> El acuerdo al que se llega es de una mayor eficacia, ya que son los mismos interesados los que han propuesto los puntos para la resoluci\u00f3n del conflicto, lo que contribuye a lograr un mayor compromiso para con su cumplimiento.<\/p>\n\n\n\n<p><span class=\"wp-rich-text-font-awesome-icon wp-font-awesome-icon\"><svg aria-hidden=\"true\" focusable=\"false\" data-prefix=\"fas\" data-icon=\"hourglass-half\" class=\"svg-inline--fa fa-hourglass-half \" role=\"img\" xmlns=\"http:\/\/www.w3.org\/2000\/svg\" viewBox=\"0 0 384 512\" style=\"font-size:1.5em\" color=\"#7bdcb5\"><path fill=\"currentColor\" d=\"M32 0C14.3 0 0 14.3 0 32S14.3 64 32 64l0 11c0 42.4 16.9 83.1 46.9 113.1L146.7 256 78.9 323.9C48.9 353.9 32 394.6 32 437l0 11c-17.7 0-32 14.3-32 32s14.3 32 32 32l32 0 256 0 32 0c17.7 0 32-14.3 32-32s-14.3-32-32-32l0-11c0-42.4-16.9-83.1-46.9-113.1L237.3 256l67.9-67.9c30-30 46.9-70.7 46.9-113.1l0-11c17.7 0 32-14.3 32-32s-14.3-32-32-32L320 0 64 0 32 0zM96 75l0-11 192 0 0 11c0 19-5.6 37.4-16 53L112 128c-10.3-15.6-16-34-16-53zm16 309c3.5-5.3 7.6-10.3 12.1-14.9L192 301.3l67.9 67.9c4.6 4.6 8.6 9.6 12.1 14.9L112 384z\"><\/path><\/svg><\/span> Rapidez, dado que los problemas pueden abordarse en una \u00fanica reuni\u00f3n o en muy pocos encuentros, de los cuales puede provenir la soluci\u00f3n.<\/p>\n\n\n\n<p><span class=\"wp-rich-text-font-awesome-icon wp-font-awesome-icon\"><svg aria-hidden=\"true\" focusable=\"false\" data-prefix=\"fas\" data-icon=\"thumbs-up\" class=\"svg-inline--fa fa-thumbs-up \" role=\"img\" xmlns=\"http:\/\/www.w3.org\/2000\/svg\" viewBox=\"0 0 512 512\" style=\"font-size:1.5em\" color=\"#7bdcb5\"><path fill=\"currentColor\" d=\"M313.4 32.9c26 5.2 42.9 30.5 37.7 56.5l-2.3 11.4c-5.3 26.7-15.1 52.1-28.8 75.2l144 0c26.5 0 48 21.5 48 48c0 18.5-10.5 34.6-25.9 42.6C497 275.4 504 288.9 504 304c0 23.4-16.8 42.9-38.9 47.1c4.4 7.3 6.9 15.8 6.9 24.9c0 21.3-13.9 39.4-33.1 45.6c.7 3.3 1.1 6.8 1.1 10.4c0 26.5-21.5 48-48 48l-97.5 0c-19 0-37.5-5.6-53.3-16.1l-38.5-25.7C176 420.4 160 390.4 160 358.3l0-38.3 0-48 0-24.9c0-29.2 13.3-56.7 36-75l7.4-5.9c26.5-21.2 44.6-51 51.2-84.2l2.3-11.4c5.2-26 30.5-42.9 56.5-37.7zM32 192l64 0c17.7 0 32 14.3 32 32l0 224c0 17.7-14.3 32-32 32l-64 0c-17.7 0-32-14.3-32-32L0 224c0-17.7 14.3-32 32-32z\"><\/path><\/svg><\/span> Econom\u00eda, entendida no s\u00f3lo como gratuidad para las partes en conflicto, sino como beneficio social al descongestionar el sistema judicial de situaciones que pueden resolverse fuera de los tribunales.<\/p>\n\n\n\n<h3 class=\"wp-block-heading has-text-color has-link-color wp-elements-1622a0c58ca60e8e179efe3b01642442\" style=\"color:#c05913\">\u00bfQu\u00e9 problemas pueden abordarse en la Mediaci\u00f3n?<\/h3>\n\n\n\n<p>Diferencias en \u00e1mbitos institucionales: sistema escolar, de salud, de seguridad.<\/p>\n\n\n\n<p><span class=\"wp-rich-text-font-awesome-icon wp-font-awesome-icon\"><svg aria-hidden=\"true\" focusable=\"false\" data-prefix=\"fas\" data-icon=\"arrow-right\" class=\"svg-inline--fa fa-arrow-right \" role=\"img\" xmlns=\"http:\/\/www.w3.org\/2000\/svg\" viewBox=\"0 0 448 512\" style=\"font-size:1.4em\" color=\"#0693e3\"><path fill=\"currentColor\" d=\"M438.6 278.6c12.5-12.5 12.5-32.8 0-45.3l-160-160c-12.5-12.5-32.8-12.5-45.3 0s-12.5 32.8 0 45.3L338.8 224 32 224c-17.7 0-32 14.3-32 32s14.3 32 32 32l306.7 0L233.4 393.4c-12.5 12.5-12.5 32.8 0 45.3s32.8 12.5 45.3 0l160-160z\"><\/path><\/svg><\/span> Cuestiones laborales<\/p>\n\n\n\n<p><span class=\"wp-rich-text-font-awesome-icon wp-font-awesome-icon\"><svg aria-hidden=\"true\" focusable=\"false\" data-prefix=\"fas\" data-icon=\"arrow-right\" class=\"svg-inline--fa fa-arrow-right \" role=\"img\" xmlns=\"http:\/\/www.w3.org\/2000\/svg\" viewBox=\"0 0 448 512\" style=\"font-size:1.4em\" color=\"#0693e3\"><path fill=\"currentColor\" d=\"M438.6 278.6c12.5-12.5 12.5-32.8 0-45.3l-160-160c-12.5-12.5-32.8-12.5-45.3 0s-12.5 32.8 0 45.3L338.8 224 32 224c-17.7 0-32 14.3-32 32s14.3 32 32 32l306.7 0L233.4 393.4c-12.5 12.5-12.5 32.8 0 45.3s32.8 12.5 45.3 0l160-160z\"><\/path><\/svg><\/span> Problemas comunitarios entre vecinos<\/p>\n\n\n\n<p><span class=\"wp-rich-text-font-awesome-icon wp-font-awesome-icon\"><svg aria-hidden=\"true\" focusable=\"false\" data-prefix=\"fas\" data-icon=\"arrow-right\" class=\"svg-inline--fa fa-arrow-right \" role=\"img\" xmlns=\"http:\/\/www.w3.org\/2000\/svg\" viewBox=\"0 0 448 512\" style=\"font-size:1.4em\" color=\"#0693e3\"><path fill=\"currentColor\" d=\"M438.6 278.6c12.5-12.5 12.5-32.8 0-45.3l-160-160c-12.5-12.5-32.8-12.5-45.3 0s-12.5 32.8 0 45.3L338.8 224 32 224c-17.7 0-32 14.3-32 32s14.3 32 32 32l306.7 0L233.4 393.4c-12.5 12.5-12.5 32.8 0 45.3s32.8 12.5 45.3 0l160-160z\"><\/path><\/svg><\/span> Problemas familiares<\/p>\n\n\n\n<h3 class=\"wp-block-heading has-text-color has-link-color wp-elements-10351a01d4d9892d0df988dd63d4f656\" style=\"color:#c05913\">\u00bfCu\u00e1les son los pasos del procedimiento de una Mediaci\u00f3n?<\/h3>\n\n\n\n<p><span class=\"wp-rich-text-font-awesome-icon wp-font-awesome-icon\"><svg aria-hidden=\"true\" focusable=\"false\" data-prefix=\"fas\" data-icon=\"check\" class=\"svg-inline--fa fa-check \" role=\"img\" xmlns=\"http:\/\/www.w3.org\/2000\/svg\" viewBox=\"0 0 448 512\" style=\"font-size:1.4em\" color=\"#ff6900\"><path fill=\"currentColor\" d=\"M438.6 105.4c12.5 12.5 12.5 32.8 0 45.3l-256 256c-12.5 12.5-32.8 12.5-45.3 0l-128-128c-12.5-12.5-12.5-32.8 0-45.3s32.8-12.5 45.3 0L160 338.7 393.4 105.4c12.5-12.5 32.8-12.5 45.3 0z\"><\/path><\/svg><\/span> Convocatoria a las partes para el encuentro en un d\u00eda y horario<\/p>\n\n\n\n<p><span class=\"wp-rich-text-font-awesome-icon wp-font-awesome-icon\"><svg aria-hidden=\"true\" focusable=\"false\" data-prefix=\"fas\" data-icon=\"check\" class=\"svg-inline--fa fa-check \" role=\"img\" xmlns=\"http:\/\/www.w3.org\/2000\/svg\" viewBox=\"0 0 448 512\" style=\"font-size:1.4em\" color=\"#ff6900\"><path fill=\"currentColor\" d=\"M438.6 105.4c12.5 12.5 12.5 32.8 0 45.3l-256 256c-12.5 12.5-32.8 12.5-45.3 0l-128-128c-12.5-12.5-12.5-32.8 0-45.3s32.8-12.5 45.3 0L160 338.7 393.4 105.4c12.5-12.5 32.8-12.5 45.3 0z\"><\/path><\/svg><\/span> Desarrollo de la mediaci\u00f3n<\/p>\n\n\n\n<p><span class=\"wp-rich-text-font-awesome-icon wp-font-awesome-icon\"><svg aria-hidden=\"true\" focusable=\"false\" data-prefix=\"fas\" data-icon=\"check\" class=\"svg-inline--fa fa-check \" role=\"img\" xmlns=\"http:\/\/www.w3.org\/2000\/svg\" viewBox=\"0 0 448 512\" style=\"font-size:1.4em\" color=\"#ff6900\"><path fill=\"currentColor\" d=\"M438.6 105.4c12.5 12.5 12.5 32.8 0 45.3l-256 256c-12.5 12.5-32.8 12.5-45.3 0l-128-128c-12.5-12.5-12.5-32.8 0-45.3s32.8-12.5 45.3 0L160 338.7 393.4 105.4c12.5-12.5 32.8-12.5 45.3 0z\"><\/path><\/svg><\/span> Firma del Acta\/Acuerdo<\/p>\n","protected":false},"excerpt":{"rendered":"<p>El Centro de Mediaci\u00f3n Ciudadana de la Defensor\u00eda del Pueblo de R\u00edo Negro fue creado con la idea de lograr dos objetivos; por una parte la resoluci\u00f3n de conflictos de una forma &nbsp;r\u00e1pida, pac\u00edfica y con plena voluntad de las partes y, por otra, capacitar para formar multiplicadores en todo el territorio de la provincia. [&hellip;]<\/p>\n","protected":false},"author":2,"featured_media":0,"parent":0,"menu_order":0,"comment_status":"closed","ping_status":"closed","template":"","meta":{"footnotes":""},"class_list":["post-301","page","type-page","status-publish","hentry"],"_links":{"self":[{"href":"https:\/\/defensoriarionegro.gov.ar\/drn\/wp-json\/wp\/v2\/pages\/301","targetHints":{"allow":["GET"]}}],"collection":[{"href":"https:\/\/defensoriarionegro.gov.ar\/drn\/wp-json\/wp\/v2\/pages"}],"about":[{"href":"https:\/\/defensoriarionegro.gov.ar\/drn\/wp-json\/wp\/v2\/types\/page"}],"author":[{"embeddable":true,"href":"https:\/\/defensoriarionegro.gov.ar\/drn\/wp-json\/wp\/v2\/users\/2"}],"replies":[{"embeddable":true,"href":"https:\/\/defensoriarionegro.gov.ar\/drn\/wp-json\/wp\/v2\/comments?post=301"}],"version-history":[{"count":11,"href":"https:\/\/defensoriarionegro.gov.ar\/drn\/wp-json\/wp\/v2\/pages\/301\/revisions"}],"predecessor-version":[{"id":1880,"href":"https:\/\/defensoriarionegro.gov.ar\/drn\/wp-json\/wp\/v2\/pages\/301\/revisions\/1880"}],"wp:attachment":[{"href":"https:\/\/defensoriarionegro.gov.ar\/drn\/wp-json\/wp\/v2\/media?parent=301"}],"curies":[{"name":"wp","href":"https:\/\/api.w.org\/{rel}","templated":true}]}}