{"id":303,"date":"2025-06-24T10:14:17","date_gmt":"2025-06-24T13:14:17","guid":{"rendered":"https:\/\/web.defensoriarionegro.gov.ar\/?page_id=303"},"modified":"2025-08-27T10:51:25","modified_gmt":"2025-08-27T13:51:25","slug":"normativa","status":"publish","type":"page","link":"https:\/\/defensoriarionegro.gov.ar\/drn\/normativa\/","title":{"rendered":"Normativa"},"content":{"rendered":"\n<h3 class=\"wp-block-heading\">Base Legal<\/h3>\n\n\n\n<p>La base legal de nuestra Defensor\u00eda del Pueblo se fundamenta en el Cap\u00edtulo VII \u2013 \u00d3rganos de Control Externo \u2013 Art\u00edculos <strong>167, 168 y 169<\/strong> de la Constituci\u00f3n Provincial, sancionada y promulgada el 3 de junio de 1988 por la Convenci\u00f3n Constituyente.<\/p>\n\n\n\n<details class=\"wp-block-details has-background is-layout-flow wp-container-core-details-is-layout-a24fe162 wp-block-details-is-layout-flow\" style=\"border-top-style:none;border-top-width:0px;border-right-style:none;border-right-width:0px;border-bottom-width:3px;border-left-style:none;border-left-width:0px;background-color:#eeeeee;margin-bottom:10px;padding-top:20px;padding-right:20px;padding-bottom:20px;padding-left:20px\" open><summary><strong>Art\u00edculo 167<\/strong><\/summary>\n<p>\u201cCorresponde al Defensor del Pueblo la defensa de los derechos individuales y colectivos frente a actos, hechos u omisiones de la Administraci\u00f3n P\u00fablica Provincial. Supervisa la eficacia en la prestaci\u00f3n de los servicios p\u00fablicos. De advertir infracciones o delitos en materia administrativa, da intervenci\u00f3n al Fiscal de Investigaciones Administrativas. Sus funciones son reglamentadas por ley y su actuaci\u00f3n se funda en los principios de informalismo, gratuidad, impulsi\u00f3n de oficio, sumariedad y accesibilidad\u201d.<\/p>\n<\/details>\n\n\n\n<details class=\"wp-block-details has-background is-layout-flow wp-container-core-details-is-layout-a24fe162 wp-block-details-is-layout-flow\" style=\"border-top-style:none;border-top-width:0px;border-right-style:none;border-right-width:0px;border-bottom-width:3px;border-left-style:none;border-left-width:0px;background-color:#eeeeee;margin-bottom:10px;padding-top:20px;padding-right:20px;padding-bottom:20px;padding-left:20px\"><summary><strong>Art\u00edculo 168<\/strong><\/summary>\n<p>\u201cPara ser designado Defensor del Pueblo se deben tener los mismos requisitos que para ser legislador; le comprenden las mismas inhabilidades, incompatibilidades e inmunidades y no puede ser removido sino por las causales y el procedimiento establecido para el juicio pol\u00edtico. Es designado por la Legislatura con el voto de los dos tercios de sus miembros. Dura cinco a\u00f1os en la funci\u00f3n y puede ser redesignado. Est\u00e1 obligado a rendir un informe anual a la Legislatura antes del per\u00edodo ordinario de sesiones, el que es tratado en sesi\u00f3n especial; puede elevar informes extraordinarios cuando lo estime necesario\u201d.<\/p>\n<\/details>\n\n\n\n<details class=\"wp-block-details has-background is-layout-flow wp-container-core-details-is-layout-a24fe162 wp-block-details-is-layout-flow\" style=\"border-top-style:none;border-top-width:0px;border-right-style:none;border-right-width:0px;border-bottom-width:3px;border-left-style:none;border-left-width:0px;background-color:#eeeeee;margin-bottom:10px;padding-top:20px;padding-right:20px;padding-bottom:20px;padding-left:20px\"><summary><strong>Art\u00edculo 169<\/strong><\/summary>\n<p>\u201cLa ley establece la organizaci\u00f3n, funciones, competencia, procedimientos y situaci\u00f3n institucional del Tribunal de Cuentas, Fiscal\u00eda de Investigaciones Administrativas y Defensor del Pueblo\u201d.<\/p>\n<\/details>\n\n\n\n<p><\/p>\n\n\n\n<p><strong>La Legislatura Provincial sancion\u00f3 la Ley reglamentaria de esta Instituci\u00f3n el 22 de diciembre de 1993, promulgada por el Poder Ejecutivo Provincial el 21 de febrero de 1994 bajo el N\u00ba 2.756.<\/strong><\/p>\n\n\n\n<h5 class=\"wp-block-heading\"><a href=\"https:\/\/defensoriarionegro.gov.ar\/drn\/wp-content\/uploads\/2025\/08\/LEY-2756.pdf\" target=\"_blank\" rel=\"noreferrer noopener\">LEY 2.756\u00a0 DEFENSOR\u00cdA DEL PUEBLO DE RIO NEGRO<\/a><\/h5>\n\n\n\n<hr class=\"wp-block-separator has-alpha-channel-opacity\"\/>\n\n\n\n<h5 class=\"wp-block-heading\"><a href=\"https:\/\/defensoriarionegro.gov.ar\/drn\/wp-content\/uploads\/2025\/08\/constitucion_provincial_rio-negro.pdf\" target=\"_blank\" rel=\"noreferrer noopener\">CONSTITUCI\u00d3N DE LA PROVINCIA DE R\u00cdO NEGRO<\/a><\/h5>\n\n\n\n<hr class=\"wp-block-separator has-alpha-channel-opacity\"\/>\n\n\n\n<h5 class=\"wp-block-heading\"><a href=\"https:\/\/defensoriarionegro.gov.ar\/drn\/wp-content\/uploads\/2025\/08\/constitucion_argentina.pdf\" target=\"_blank\" rel=\"noreferrer noopener\">CONSTITUCI\u00d3N DE LA NACI\u00d3N ARGENTINA<\/a><\/h5>\n\n\n\n<div style=\"height:25px\" aria-hidden=\"true\" class=\"wp-block-spacer\"><\/div>\n\n\n\n<h3 class=\"wp-block-heading\">Normativa Internacional<\/h3>\n\n\n\n<h5 class=\"wp-block-heading\"><a href=\"https:\/\/defensoriarionegro.gov.ar\/drn\/wp-content\/uploads\/2025\/08\/Resolucion-de-la-Asamblea-General-de-Naciones-Unidas-1.pdf\" target=\"_blank\" rel=\"noreferrer noopener\">RESOLUCI\u00d3N DE LA ASAMBLEA GENERAL DE NACIONES UNIDAS<\/a><\/h5>\n\n\n\n<hr class=\"wp-block-separator has-alpha-channel-opacity\"\/>\n\n\n\n<h5 class=\"wp-block-heading\"><a href=\"https:\/\/defensoriarionegro.gov.ar\/drn\/wp-content\/uploads\/2025\/08\/Principios-de-Venecia.pdf\" target=\"_blank\" rel=\"noreferrer noopener\">PRINCIPIOS DE VENECIA<\/a><\/h5>\n\n\n\n<hr class=\"wp-block-separator has-alpha-channel-opacity\"\/>\n\n\n\n<h5 class=\"wp-block-heading\"><a href=\"https:\/\/defensoriarionegro.gov.ar\/drn\/wp-content\/uploads\/2025\/08\/Principios-de-Paris.pdf\" target=\"_blank\" rel=\"noreferrer noopener\">PRINCIPIOS DE PARIS<\/a><\/h5>\n\n\n\n<p><\/p>\n","protected":false},"excerpt":{"rendered":"<p>Base Legal La base legal de nuestra Defensor\u00eda del Pueblo se fundamenta en el Cap\u00edtulo VII \u2013 \u00d3rganos de Control Externo \u2013 Art\u00edculos 167, 168 y 169 de la Constituci\u00f3n Provincial, sancionada y promulgada el 3 de junio de 1988 por la Convenci\u00f3n Constituyente. La Legislatura Provincial sancion\u00f3 la Ley reglamentaria de esta Instituci\u00f3n el [&hellip;]<\/p>\n","protected":false},"author":2,"featured_media":0,"parent":0,"menu_order":0,"comment_status":"closed","ping_status":"closed","template":"","meta":{"footnotes":""},"class_list":["post-303","page","type-page","status-publish","hentry"],"jetpack_sharing_enabled":true,"_links":{"self":[{"href":"https:\/\/defensoriarionegro.gov.ar\/drn\/wp-json\/wp\/v2\/pages\/303","targetHints":{"allow":["GET"]}}],"collection":[{"href":"https:\/\/defensoriarionegro.gov.ar\/drn\/wp-json\/wp\/v2\/pages"}],"about":[{"href":"https:\/\/defensoriarionegro.gov.ar\/drn\/wp-json\/wp\/v2\/types\/page"}],"author":[{"embeddable":true,"href":"https:\/\/defensoriarionegro.gov.ar\/drn\/wp-json\/wp\/v2\/users\/2"}],"replies":[{"embeddable":true,"href":"https:\/\/defensoriarionegro.gov.ar\/drn\/wp-json\/wp\/v2\/comments?post=303"}],"version-history":[{"count":9,"href":"https:\/\/defensoriarionegro.gov.ar\/drn\/wp-json\/wp\/v2\/pages\/303\/revisions"}],"predecessor-version":[{"id":1894,"href":"https:\/\/defensoriarionegro.gov.ar\/drn\/wp-json\/wp\/v2\/pages\/303\/revisions\/1894"}],"wp:attachment":[{"href":"https:\/\/defensoriarionegro.gov.ar\/drn\/wp-json\/wp\/v2\/media?parent=303"}],"curies":[{"name":"wp","href":"https:\/\/api.w.org\/{rel}","templated":true}]}}