{"id":382,"date":"2025-06-25T09:13:36","date_gmt":"2025-06-25T12:13:36","guid":{"rendered":"https:\/\/web.defensoriarionegro.gov.ar\/?page_id=382"},"modified":"2025-08-05T11:31:47","modified_gmt":"2025-08-05T14:31:47","slug":"opinion","status":"publish","type":"page","link":"https:\/\/defensoriarionegro.gov.ar\/drn\/opinion\/","title":{"rendered":"Opini\u00f3n"},"content":{"rendered":"\n<div class=\"wp-block-group is-layout-constrained wp-block-group-is-layout-constrained\">\n<hr class=\"wp-block-separator has-text-color has-cyan-bluish-gray-color has-alpha-channel-opacity has-cyan-bluish-gray-background-color has-background\"\/>\n\n\n\n<p><\/p>\n\n\n\n<h2 class=\"wp-block-heading\" style=\"line-height:1.3\">El acceso a la tierra y las pol\u00edticas p\u00fablicas<\/h2>\n\n\n\n<p style=\"line-height:1.5\"><strong>Segunda Parte: Transparencia y publicidad<\/strong><\/p>\n\n\n\n<p><\/p>\n\n\n\n<div class=\"wp-block-group is-vertical is-layout-flex wp-container-core-group-is-layout-fe9cc265 wp-block-group-is-layout-flex\">\n<div class=\"wp-block-group is-vertical is-layout-flex wp-container-core-group-is-layout-634a1b30 wp-block-group-is-layout-flex\">\n<h4 class=\"wp-block-heading\" style=\"font-size:13px;line-height:0.4\"><span class=\"wp-rich-text-font-awesome-icon wp-font-awesome-icon\"><svg aria-hidden=\"true\" focusable=\"false\" data-prefix=\"fas\" data-icon=\"user\" class=\"svg-inline--fa fa-user \" role=\"img\" xmlns=\"http:\/\/www.w3.org\/2000\/svg\" viewBox=\"0 0 448 512\"><path fill=\"currentColor\" d=\"M224 256A128 128 0 1 0 224 0a128 128 0 1 0 0 256zm-45.7 48C79.8 304 0 383.8 0 482.3C0 498.7 13.3 512 29.7 512l388.6 0c16.4 0 29.7-13.3 29.7-29.7C448 383.8 368.2 304 269.7 304l-91.4 0z\"><\/path><\/svg><\/span> Por Adriana Santagati<\/h4>\n\n\n\n<p style=\"font-size:13px\">Defensora del Pueblo de R\u00edo Negro<\/p>\n<\/div>\n<\/div>\n\n\n\n<p class=\"has-medium-font-size\"><a href=\"http:\/\/defensoriarionegro.gov.ar\/drn\/wp-content\/uploads\/2019\/02\/AS.-El-acceso-a-la-tierra-y-las-pol\u00edticas-p\u00fablicas.-SEGUNDA-PARTE-2.pdf\"><span class=\"wp-rich-text-font-awesome-icon wp-font-awesome-icon\"><svg aria-hidden=\"true\" focusable=\"false\" data-prefix=\"fas\" data-icon=\"file-arrow-down\" class=\"svg-inline--fa fa-file-arrow-down \" role=\"img\" xmlns=\"http:\/\/www.w3.org\/2000\/svg\" viewBox=\"0 0 384 512\" style=\"font-size:1.5em\" color=\"#0693e3\"><path fill=\"currentColor\" d=\"M64 0C28.7 0 0 28.7 0 64L0 448c0 35.3 28.7 64 64 64l256 0c35.3 0 64-28.7 64-64l0-288-128 0c-17.7 0-32-14.3-32-32L224 0 64 0zM256 0l0 128 128 0L256 0zM216 232l0 102.1 31-31c9.4-9.4 24.6-9.4 33.9 0s9.4 24.6 0 33.9l-72 72c-9.4 9.4-24.6 9.4-33.9 0l-72-72c-9.4-9.4-9.4-24.6 0-33.9s24.6-9.4 33.9 0l31 31L168 232c0-13.3 10.7-24 24-24s24 10.7 24 24z\"><\/path><\/svg><\/span><\/a> <a href=\"http:\/\/defensoriarionegro.gov.ar\/drn\/wp-content\/uploads\/2019\/02\/AS.-El-acceso-a-la-tierra-y-las-pol\u00edticas-p\u00fablicas.-SEGUNDA-PARTE-2.pdf\" target=\"_blank\" rel=\"noreferrer noopener\">AS. El acceso a la tierra y las pol\u00edticas p\u00fablicas. SEGUNDA PARTE-2<\/a><\/p>\n\n\n\n<p><\/p>\n<\/div>\n\n\n\n<div class=\"wp-block-group is-layout-constrained wp-block-group-is-layout-constrained\">\n<div class=\"wp-block-group is-layout-constrained wp-block-group-is-layout-constrained\">\n<hr class=\"wp-block-separator has-text-color has-cyan-bluish-gray-color has-alpha-channel-opacity has-cyan-bluish-gray-background-color has-background\"\/>\n\n\n\n<p><\/p>\n\n\n\n<h2 class=\"wp-block-heading\" style=\"line-height:1.3\">El acceso a la tierra y las pol\u00edticas p\u00fablicas<\/h2>\n\n\n\n<p><strong>Primera Parte: Derechos Econ\u00f3micos, Sociales y Culturales<\/strong><\/p>\n\n\n\n<p><\/p>\n\n\n\n<div class=\"wp-block-group is-vertical is-layout-flex wp-container-core-group-is-layout-634a1b30 wp-block-group-is-layout-flex\">\n<h5 class=\"wp-block-heading\" style=\"font-size:13px;line-height:0.4\"><span class=\"wp-rich-text-font-awesome-icon wp-font-awesome-icon\"><svg aria-hidden=\"true\" focusable=\"false\" data-prefix=\"fas\" data-icon=\"user\" class=\"svg-inline--fa fa-user \" role=\"img\" xmlns=\"http:\/\/www.w3.org\/2000\/svg\" viewBox=\"0 0 448 512\"><path fill=\"currentColor\" d=\"M224 256A128 128 0 1 0 224 0a128 128 0 1 0 0 256zm-45.7 48C79.8 304 0 383.8 0 482.3C0 498.7 13.3 512 29.7 512l388.6 0c16.4 0 29.7-13.3 29.7-29.7C448 383.8 368.2 304 269.7 304l-91.4 0z\"><\/path><\/svg><\/span> Por Adriana Santagati<\/h5>\n\n\n\n<p style=\"font-size:13px\">Defensora del Pueblo de R\u00edo Negro<\/p>\n<\/div>\n\n\n\n<p class=\"has-medium-font-size\"><span class=\"wp-rich-text-font-awesome-icon wp-font-awesome-icon\"><svg aria-hidden=\"true\" focusable=\"false\" data-prefix=\"fas\" data-icon=\"file-arrow-down\" class=\"svg-inline--fa fa-file-arrow-down \" role=\"img\" xmlns=\"http:\/\/www.w3.org\/2000\/svg\" viewBox=\"0 0 384 512\" style=\"font-size:1.5em\" color=\"#0693e3\"><path fill=\"currentColor\" d=\"M64 0C28.7 0 0 28.7 0 64L0 448c0 35.3 28.7 64 64 64l256 0c35.3 0 64-28.7 64-64l0-288-128 0c-17.7 0-32-14.3-32-32L224 0 64 0zM256 0l0 128 128 0L256 0zM216 232l0 102.1 31-31c9.4-9.4 24.6-9.4 33.9 0s9.4 24.6 0 33.9l-72 72c-9.4 9.4-24.6 9.4-33.9 0l-72-72c-9.4-9.4-9.4-24.6 0-33.9s24.6-9.4 33.9 0l31 31L168 232c0-13.3 10.7-24 24-24s24 10.7 24 24z\"><\/path><\/svg><\/span> <a href=\"http:\/\/defensoriarionegro.gov.ar\/drn\/wp-content\/uploads\/2019\/02\/AS.-El-acceso-a-la-tierra-y-las-pol\u00edticas-p\u00fablicas.-PRIMERA-PARTE.pdf\" target=\"_blank\" rel=\"noreferrer noopener\">AS. El acceso a la tierra y las pol\u00edticas p\u00fablicas. PRIMERA PARTE<\/a><\/p>\n\n\n\n<p><\/p>\n<\/div>\n<\/div>\n\n\n\n<div class=\"wp-block-group is-layout-constrained wp-block-group-is-layout-constrained\">\n<hr class=\"wp-block-separator has-text-color has-cyan-bluish-gray-color has-alpha-channel-opacity has-cyan-bluish-gray-background-color has-background\"\/>\n\n\n\n<p><\/p>\n\n\n\n<h2 class=\"wp-block-heading\" style=\"line-height:1.3\">70 A\u00f1os de la Declaraci\u00f3n Universal de los Derechos Humanos<\/h2>\n\n\n\n<p><\/p>\n\n\n\n<div class=\"wp-block-group is-vertical is-layout-flex wp-container-core-group-is-layout-fe9cc265 wp-block-group-is-layout-flex\">\n<div class=\"wp-block-group is-vertical is-layout-flex wp-container-core-group-is-layout-66eb916d wp-block-group-is-layout-flex\" style=\"min-height:2px;margin-top:0px;margin-bottom:0px\">\n<h5 class=\"wp-block-heading\" style=\"font-size:13px;line-height:0.4\"><span class=\"wp-rich-text-font-awesome-icon wp-font-awesome-icon\"><svg aria-hidden=\"true\" focusable=\"false\" data-prefix=\"fas\" data-icon=\"user\" class=\"svg-inline--fa fa-user \" role=\"img\" xmlns=\"http:\/\/www.w3.org\/2000\/svg\" viewBox=\"0 0 448 512\"><path fill=\"currentColor\" d=\"M224 256A128 128 0 1 0 224 0a128 128 0 1 0 0 256zm-45.7 48C79.8 304 0 383.8 0 482.3C0 498.7 13.3 512 29.7 512l388.6 0c16.4 0 29.7-13.3 29.7-29.7C448 383.8 368.2 304 269.7 304l-91.4 0z\"><\/path><\/svg><\/span> Por Adriana Santagati<\/h5>\n\n\n\n<p style=\"font-size:13px\">Defensora del Pueblo de R\u00edo Negro<\/p>\n<\/div>\n<\/div>\n\n\n\n<p class=\"has-medium-font-size\"><span class=\"wp-rich-text-font-awesome-icon wp-font-awesome-icon\"><svg aria-hidden=\"true\" focusable=\"false\" data-prefix=\"fas\" data-icon=\"file-arrow-down\" class=\"svg-inline--fa fa-file-arrow-down \" role=\"img\" xmlns=\"http:\/\/www.w3.org\/2000\/svg\" viewBox=\"0 0 384 512\" style=\"font-size:1.5em\" color=\"#0693e3\"><path fill=\"currentColor\" d=\"M64 0C28.7 0 0 28.7 0 64L0 448c0 35.3 28.7 64 64 64l256 0c35.3 0 64-28.7 64-64l0-288-128 0c-17.7 0-32-14.3-32-32L224 0 64 0zM256 0l0 128 128 0L256 0zM216 232l0 102.1 31-31c9.4-9.4 24.6-9.4 33.9 0s9.4 24.6 0 33.9l-72 72c-9.4 9.4-24.6 9.4-33.9 0l-72-72c-9.4-9.4-9.4-24.6 0-33.9s24.6-9.4 33.9 0l31 31L168 232c0-13.3 10.7-24 24-24s24 10.7 24 24z\"><\/path><\/svg><\/span> <a href=\"http:\/\/defensoriarionegro.gov.ar\/drn\/wp-content\/uploads\/2019\/02\/70-A\u00f1os-de-la-Declaraci\u00f3n-Universal-de-los-Derechos-Humanos.pdf\" target=\"_blank\" rel=\"noreferrer noopener\">70 A\u00f1os de la Declaraci\u00f3n Universal de los Derechos Humanos<\/a><\/p>\n\n\n\n<p><\/p>\n<\/div>\n\n\n\n<div class=\"wp-block-group is-layout-constrained wp-block-group-is-layout-constrained\">\n<hr class=\"wp-block-separator has-text-color has-cyan-bluish-gray-color has-alpha-channel-opacity has-cyan-bluish-gray-background-color has-background\"\/>\n\n\n\n<p><\/p>\n\n\n\n<h2 class=\"wp-block-heading\" style=\"line-height:1.3\">Tarifas de servicios p\u00fablicos y federalismo. El caso de la Patagonia.<\/h2>\n\n\n\n<p><\/p>\n\n\n\n<div class=\"wp-block-group is-vertical is-layout-flex wp-container-core-group-is-layout-634a1b30 wp-block-group-is-layout-flex\">\n<h4 class=\"wp-block-heading\" style=\"font-size:13px;line-height:0.4\"><span class=\"wp-rich-text-font-awesome-icon wp-font-awesome-icon\"><svg aria-hidden=\"true\" focusable=\"false\" data-prefix=\"fas\" data-icon=\"user\" class=\"svg-inline--fa fa-user \" role=\"img\" xmlns=\"http:\/\/www.w3.org\/2000\/svg\" viewBox=\"0 0 448 512\"><path fill=\"currentColor\" d=\"M224 256A128 128 0 1 0 224 0a128 128 0 1 0 0 256zm-45.7 48C79.8 304 0 383.8 0 482.3C0 498.7 13.3 512 29.7 512l388.6 0c16.4 0 29.7-13.3 29.7-29.7C448 383.8 368.2 304 269.7 304l-91.4 0z\"><\/path><\/svg><\/span> Por Adriana Santagati<\/h4>\n\n\n\n<p style=\"font-size:13px\">Defensora del Pueblo de R\u00edo Negro<\/p>\n<\/div>\n\n\n\n<p class=\"has-medium-font-size\"><span class=\"wp-rich-text-font-awesome-icon wp-font-awesome-icon\"><svg aria-hidden=\"true\" focusable=\"false\" data-prefix=\"fas\" data-icon=\"file-arrow-down\" class=\"svg-inline--fa fa-file-arrow-down \" role=\"img\" xmlns=\"http:\/\/www.w3.org\/2000\/svg\" viewBox=\"0 0 384 512\" style=\"font-size:1.5em\" color=\"#0693e3\"><path fill=\"currentColor\" d=\"M64 0C28.7 0 0 28.7 0 64L0 448c0 35.3 28.7 64 64 64l256 0c35.3 0 64-28.7 64-64l0-288-128 0c-17.7 0-32-14.3-32-32L224 0 64 0zM256 0l0 128 128 0L256 0zM216 232l0 102.1 31-31c9.4-9.4 24.6-9.4 33.9 0s9.4 24.6 0 33.9l-72 72c-9.4 9.4-24.6 9.4-33.9 0l-72-72c-9.4-9.4-9.4-24.6 0-33.9s24.6-9.4 33.9 0l31 31L168 232c0-13.3 10.7-24 24-24s24 10.7 24 24z\"><\/path><\/svg><\/span> <a href=\"http:\/\/defensoriarionegro.gov.ar\/drn\/wp-content\/uploads\/2019\/02\/AS.-Tarifas-de-servicios-p\u00fablicos-y-Federalismo.pdf\" target=\"_blank\" rel=\"noreferrer noopener\">AS. Tarifas de servicios p\u00fablicos y Federalismo<\/a><\/p>\n\n\n\n<p>Este art\u00edculo tambi\u00e9n fue publicado por el Diario R\u00edo Negro el 1 de junio de 2018<\/p>\n\n\n\n<p><\/p>\n<\/div>\n\n\n\n<p><\/p>\n","protected":false},"excerpt":{"rendered":"<p>El acceso a la tierra y las pol\u00edticas p\u00fablicas Segunda Parte: Transparencia y publicidad Por Adriana Santagati Defensora del Pueblo de R\u00edo Negro AS. El acceso a la tierra y las pol\u00edticas p\u00fablicas. SEGUNDA PARTE-2 El acceso a la tierra y las pol\u00edticas p\u00fablicas Primera Parte: Derechos Econ\u00f3micos, Sociales y Culturales Por Adriana Santagati Defensora [&hellip;]<\/p>\n","protected":false},"author":2,"featured_media":0,"parent":0,"menu_order":0,"comment_status":"closed","ping_status":"closed","template":"","meta":{"footnotes":""},"class_list":["post-382","page","type-page","status-publish","hentry"],"jetpack_sharing_enabled":true,"_links":{"self":[{"href":"https:\/\/defensoriarionegro.gov.ar\/drn\/wp-json\/wp\/v2\/pages\/382","targetHints":{"allow":["GET"]}}],"collection":[{"href":"https:\/\/defensoriarionegro.gov.ar\/drn\/wp-json\/wp\/v2\/pages"}],"about":[{"href":"https:\/\/defensoriarionegro.gov.ar\/drn\/wp-json\/wp\/v2\/types\/page"}],"author":[{"embeddable":true,"href":"https:\/\/defensoriarionegro.gov.ar\/drn\/wp-json\/wp\/v2\/users\/2"}],"replies":[{"embeddable":true,"href":"https:\/\/defensoriarionegro.gov.ar\/drn\/wp-json\/wp\/v2\/comments?post=382"}],"version-history":[{"count":33,"href":"https:\/\/defensoriarionegro.gov.ar\/drn\/wp-json\/wp\/v2\/pages\/382\/revisions"}],"predecessor-version":[{"id":1355,"href":"https:\/\/defensoriarionegro.gov.ar\/drn\/wp-json\/wp\/v2\/pages\/382\/revisions\/1355"}],"wp:attachment":[{"href":"https:\/\/defensoriarionegro.gov.ar\/drn\/wp-json\/wp\/v2\/media?parent=382"}],"curies":[{"name":"wp","href":"https:\/\/api.w.org\/{rel}","templated":true}]}}